{"id":1306,"date":"2025-09-25T22:07:34","date_gmt":"2025-09-26T03:07:34","guid":{"rendered":"https:\/\/www.greenleaves.com.co\/?page_id=1306"},"modified":"2025-12-19T23:10:36","modified_gmt":"2025-12-20T04:10:36","slug":"nosotros","status":"publish","type":"page","link":"https:\/\/www.greenleaf.com.co\/es\/nosotros\/","title":{"rendered":"Nosotros"},"content":{"rendered":"\t\t<div data-elementor-type=\"wp-page\" data-elementor-id=\"1306\" class=\"elementor elementor-1306\" data-elementor-post-type=\"page\">\n\t\t\t\t<div class=\"elementor-element elementor-element-c6d5e6e e-flex e-con-boxed e-con e-parent\" data-id=\"c6d5e6e\" data-element_type=\"container\" data-settings=\"{&quot;background_background&quot;:&quot;classic&quot;,&quot;shape_divider_bottom&quot;:&quot;wave-brush&quot;}\">\n\t\t\t\t\t<div class=\"e-con-inner\">\n\t\t\t\t<div class=\"elementor-shape elementor-shape-bottom\" aria-hidden=\"true\" data-negative=\"false\">\n\t\t\t<svg xmlns=\"http:\/\/www.w3.org\/2000\/svg\" viewBox=\"0 0 283.5 27.8\" preserveAspectRatio=\"none\">\n\t<path class=\"elementor-shape-fill\" d=\"M283.5,9.7c0,0-7.3,4.3-14,4.6c-6.8,0.3-12.6,0-20.9-1.5c-11.3-2-33.1-10.1-44.7-5.7\ts-12.1,4.6-18,7.4c-6.6,3.2-20,9.6-36.6,9.3C131.6,23.5,99.5,7.2,86.3,8c-1.4,0.1-6.6,0.8-10.5,2c-3.8,1.2-9.4,3.8-17,4.7\tc-3.2,0.4-8.3,1.1-14.2,0.9c-1.5-0.1-6.3-0.4-12-1.6c-5.7-1.2-11-3.1-15.8-3.7C6.5,9.2,0,10.8,0,10.8V0h283.5V9.7z M260.8,11.3\tc-0.7-1-2-0.4-4.3-0.4c-2.3,0-6.1-1.2-5.8-1.1c0.3,0.1,3.1,1.5,6,1.9C259.7,12.2,261.4,12.3,260.8,11.3z M242.4,8.6\tc0,0-2.4-0.2-5.6-0.9c-3.2-0.8-10.3-2.8-15.1-3.5c-8.2-1.1-15.8,0-15.1,0.1c0.8,0.1,9.6-0.6,17.6,1.1c3.3,0.7,9.3,2.2,12.4,2.7\tC239.9,8.7,242.4,8.6,242.4,8.6z M185.2,8.5c1.7-0.7-13.3,4.7-18.5,6.1c-2.1,0.6-6.2,1.6-10,2c-3.9,0.4-8.9,0.4-8.8,0.5\tc0,0.2,5.8,0.8,11.2,0c5.4-0.8,5.2-1.1,7.6-1.6C170.5,14.7,183.5,9.2,185.2,8.5z M199.1,6.9c0.2,0-0.8-0.4-4.8,1.1\tc-4,1.5-6.7,3.5-6.9,3.7c-0.2,0.1,3.5-1.8,6.6-3C197,7.5,199,6.9,199.1,6.9z M283,6c-0.1,0.1-1.9,1.1-4.8,2.5s-6.9,2.8-6.7,2.7\tc0.2,0,3.5-0.6,7.4-2.5C282.8,6.8,283.1,5.9,283,6z M31.3,11.6c0.1-0.2-1.9-0.2-4.5-1.2s-5.4-1.6-7.8-2C15,7.6,7.3,8.5,7.7,8.6\tC8,8.7,15.9,8.3,20.2,9.3c2.2,0.5,2.4,0.5,5.7,1.6S31.2,11.9,31.3,11.6z M73,9.2c0.4-0.1,3.5-1.6,8.4-2.6c4.9-1.1,8.9-0.5,8.9-0.8\tc0-0.3-1-0.9-6.2-0.3S72.6,9.3,73,9.2z M71.6,6.7C71.8,6.8,75,5.4,77.3,5c2.3-0.3,1.9-0.5,1.9-0.6c0-0.1-1.1-0.2-2.7,0.2\tC74.8,5.1,71.4,6.6,71.6,6.7z M93.6,4.4c0.1,0.2,3.5,0.8,5.6,1.8c2.1,1,1.8,0.6,1.9,0.5c0.1-0.1-0.8-0.8-2.4-1.3\tC97.1,4.8,93.5,4.2,93.6,4.4z M65.4,11.1c-0.1,0.3,0.3,0.5,1.9-0.2s2.6-1.3,2.2-1.2s-0.9,0.4-2.5,0.8C65.3,10.9,65.5,10.8,65.4,11.1\tz M34.5,12.4c-0.2,0,2.1,0.8,3.3,0.9c1.2,0.1,2,0.1,2-0.2c0-0.3-0.1-0.5-1.6-0.4C36.6,12.8,34.7,12.4,34.5,12.4z M152.2,21.1\tc-0.1,0.1-2.4-0.3-7.5-0.3c-5,0-13.6-2.4-17.2-3.5c-3.6-1.1,10,3.9,16.5,4.1C150.5,21.6,152.3,21,152.2,21.1z\"\/>\n\t<path class=\"elementor-shape-fill\" d=\"M269.6,18c-0.1-0.1-4.6,0.3-7.2,0c-7.3-0.7-17-3.2-16.6-2.9c0.4,0.3,13.7,3.1,17,3.3\tC267.7,18.8,269.7,18,269.6,18z\"\/>\n\t<path class=\"elementor-shape-fill\" d=\"M227.4,9.8c-0.2-0.1-4.5-1-9.5-1.2c-5-0.2-12.7,0.6-12.3,0.5c0.3-0.1,5.9-1.8,13.3-1.2\tS227.6,9.9,227.4,9.8z\"\/>\n\t<path class=\"elementor-shape-fill\" d=\"M204.5,13.4c-0.1-0.1,2-1,3.2-1.1c1.2-0.1,2,0,2,0.3c0,0.3-0.1,0.5-1.6,0.4\tC206.4,12.9,204.6,13.5,204.5,13.4z\"\/>\n\t<path class=\"elementor-shape-fill\" d=\"M201,10.6c0-0.1-4.4,1.2-6.3,2.2c-1.9,0.9-6.2,3.1-6.1,3.1c0.1,0.1,4.2-1.6,6.3-2.6\tS201,10.7,201,10.6z\"\/>\n\t<path class=\"elementor-shape-fill\" d=\"M154.5,26.7c-0.1-0.1-4.6,0.3-7.2,0c-7.3-0.7-17-3.2-16.6-2.9c0.4,0.3,13.7,3.1,17,3.3\tC152.6,27.5,154.6,26.8,154.5,26.7z\"\/>\n\t<path class=\"elementor-shape-fill\" d=\"M41.9,19.3c0,0,1.2-0.3,2.9-0.1c1.7,0.2,5.8,0.9,8.2,0.7c4.2-0.4,7.4-2.7,7-2.6\tc-0.4,0-4.3,2.2-8.6,1.9c-1.8-0.1-5.1-0.5-6.7-0.4S41.9,19.3,41.9,19.3z\"\/>\n\t<path class=\"elementor-shape-fill\" d=\"M75.5,12.6c0.2,0.1,2-0.8,4.3-1.1c2.3-0.2,2.1-0.3,2.1-0.5c0-0.1-1.8-0.4-3.4,0\tC76.9,11.5,75.3,12.5,75.5,12.6z\"\/>\n\t<path class=\"elementor-shape-fill\" d=\"M15.6,13.2c0-0.1,4.3,0,6.7,0.5c2.4,0.5,5,1.9,5,2c0,0.1-2.7-0.8-5.1-1.4\tC19.9,13.7,15.7,13.3,15.6,13.2z\"\/>\n<\/svg>\t\t<\/div>\n\t\t<div class=\"elementor-element elementor-element-ad1fa5f animated-slow e-flex e-con-boxed elementor-invisible e-con e-child\" data-id=\"ad1fa5f\" data-element_type=\"container\" data-settings=\"{&quot;animation&quot;:&quot;fadeIn&quot;}\">\n\t\t\t\t\t<div class=\"e-con-inner\">\n\t\t\t\t<div class=\"elementor-element elementor-element-0d6f3a6 elementor-widget elementor-widget-heading\" data-id=\"0d6f3a6\" data-element_type=\"widget\" data-widget_type=\"heading.default\">\n\t\t\t\t\t<h1 class=\"elementor-heading-title elementor-size-default\">NOSOTROS<\/h1>\t\t\t\t<\/div>\n\t\t\t\t\t<\/div>\n\t\t\t\t<\/div>\n\t\t\t\t\t<\/div>\n\t\t\t\t<\/div>\n\t\t<div class=\"elementor-element elementor-element-3f84e77 e-flex e-con-boxed e-con e-parent\" data-id=\"3f84e77\" data-element_type=\"container\">\n\t\t\t\t\t<div class=\"e-con-inner\">\n\t\t<div class=\"elementor-element elementor-element-0fb5f58 e-flex e-con-boxed e-con e-child\" data-id=\"0fb5f58\" data-element_type=\"container\">\n\t\t\t\t\t<div class=\"e-con-inner\">\n\t\t<div class=\"elementor-element elementor-element-3645e46 e-con-full animated-slow e-flex elementor-invisible e-con e-child\" data-id=\"3645e46\" data-element_type=\"container\" data-settings=\"{&quot;animation&quot;:&quot;fadeIn&quot;}\">\n\t\t\t\t<div class=\"elementor-element elementor-element-6cea0fc elementor-widget elementor-widget-heading\" data-id=\"6cea0fc\" data-element_type=\"widget\" data-widget_type=\"heading.default\">\n\t\t\t\t\t<h3 class=\"elementor-heading-title elementor-size-default\">Somos una empresa colombiana, comercializadora y exportadora de caf\u00e9 en sus diferentes variedades, frutas ex\u00f3ticas y hierbas arom\u00e1ticas. Exportamos a Estados Unidos, Canad\u00e1, \u00c1frica y Europa.<\/h3>\t\t\t\t<\/div>\n\t\t\t\t<div class=\"elementor-element elementor-element-f8c055a elementor-widget elementor-widget-heading\" data-id=\"f8c055a\" data-element_type=\"widget\" data-widget_type=\"heading.default\">\n\t\t\t\t\t<h5 class=\"elementor-heading-title elementor-size-default\">Fuimos fundados en 2007 como una empresa dedicada a la gesti\u00f3n y operaci\u00f3n de negocios gastron\u00f3micos. Actualmente, operamos bajo el nombre comercial Green Leaf Global, empresa dirigida por colombianos dedicados a comercializar y exportar caf\u00e9 en sus distintas variedades, aguacate, frutas ex\u00f3ticas y hierbas arom\u00e1ticas. Expandiendo nuestro alcance global.<\/h5>\t\t\t\t<\/div>\n\t\t\t\t<div class=\"elementor-element elementor-element-bd73314 elementor-widget elementor-widget-text-editor\" data-id=\"bd73314\" data-element_type=\"widget\" data-widget_type=\"text-editor.default\">\n\t\t\t\t\t\t\t\t\tDistribuimos productos agr\u00edcolas al por mayor, tanto en estado crudo como procesado, garantizando los m\u00e1s altos est\u00e1ndares de calidad a trav\u00e9s de proveedores cuidadosamente seleccionados y confiables. Todos nuestros proveedores y productos cumplen con los requisitos de Buenas Pr\u00e1cticas de Manufactura y Manipulaci\u00f3n (BPM), acorde con la Legislaci\u00f3n colombiana y con las regulaciones de los distintos pa\u00edses a donde exportamos EE UU, Canad\u00e1, \u00c1frica y Europa.\t\t\t\t\t\t\t\t<\/div>\n\t\t\t\t<div class=\"elementor-element elementor-element-bb69f1f elementor-align-center elementor-widget elementor-widget-button\" data-id=\"bb69f1f\" data-element_type=\"widget\" data-widget_type=\"button.default\">\n\t\t\t\t\t\t\t\t\t\t<a class=\"elementor-button elementor-button-link elementor-size-sm elementor-animation-push\" href=\"https:\/\/www.greenleaves.com.co\/wp-content\/uploads\/2025\/10\/PRESENTACION.pdf\">\n\t\t\t\t\t\t<span class=\"elementor-button-content-wrapper\">\n\t\t\t\t\t\t\t\t\t<span class=\"elementor-button-text\">Ver Presentaci\u00f3n<\/span>\n\t\t\t\t\t<\/span>\n\t\t\t\t\t<\/a>\n\t\t\t\t\t\t\t\t<\/div>\n\t\t\t\t<\/div>\n\t\t<div class=\"elementor-element elementor-element-96b6255 e-con-full e-flex e-con e-child\" data-id=\"96b6255\" data-element_type=\"container\" data-settings=\"{&quot;background_background&quot;:&quot;classic&quot;}\">\n\t\t\t\t<div class=\"elementor-element elementor-element-4bec49c animated-slow elementor-invisible elementor-widget elementor-widget-counter\" data-id=\"4bec49c\" data-element_type=\"widget\" data-settings=\"{&quot;_animation&quot;:&quot;fadeInUp&quot;}\" data-widget_type=\"counter.default\">\n\t\t\t\t\t\t\t<div class=\"elementor-counter\">\n\t\t\t<div class=\"elementor-counter-title\"><p><b>A\u00f1os de experiencia.<\/b> <br>Entregando excelencia en el comercio global.<\/p><\/div>\t\t\t<div class=\"elementor-counter-number-wrapper\">\n\t\t\t\t<span class=\"elementor-counter-number-prefix\"><\/span>\n\t\t\t\t<span class=\"elementor-counter-number\" data-duration=\"3000\" data-to-value=\"18\" data-from-value=\"0\">0<\/span>\n\t\t\t\t<span class=\"elementor-counter-number-suffix\">+<\/span>\n\t\t\t<\/div>\n\t\t<\/div>\n\t\t\t\t\t\t<\/div>\n\t\t\t\t<div class=\"elementor-element elementor-element-7b308f8 elementor-widget-divider--view-line elementor-widget elementor-widget-divider\" data-id=\"7b308f8\" data-element_type=\"widget\" data-widget_type=\"divider.default\">\n\t\t\t\t\t\t\t<div class=\"elementor-divider\">\n\t\t\t<span class=\"elementor-divider-separator\">\n\t\t\t\t\t\t<\/span>\n\t\t<\/div>\n\t\t\t\t\t\t<\/div>\n\t\t\t\t<div class=\"elementor-element elementor-element-c4c74e3 elementor-widget elementor-widget-counter\" data-id=\"c4c74e3\" data-element_type=\"widget\" data-widget_type=\"counter.default\">\n\t\t\t\t\t\t\t<div class=\"elementor-counter\">\n\t\t\t<div class=\"elementor-counter-title\"><p><b>Clientes satisfechos.<\/b> <br>Construyendo confianza a trav\u00e9s de los continentes.<\/p><\/div>\t\t\t<div class=\"elementor-counter-number-wrapper\">\n\t\t\t\t<span class=\"elementor-counter-number-prefix\"><\/span>\n\t\t\t\t<span class=\"elementor-counter-number\" data-duration=\"3000\" data-to-value=\"100\" data-from-value=\"0\">0<\/span>\n\t\t\t\t<span class=\"elementor-counter-number-suffix\">+<\/span>\n\t\t\t<\/div>\n\t\t<\/div>\n\t\t\t\t\t\t<\/div>\n\t\t\t\t<div class=\"elementor-element elementor-element-a8af2b9 elementor-widget-divider--view-line elementor-widget elementor-widget-divider\" data-id=\"a8af2b9\" data-element_type=\"widget\" data-widget_type=\"divider.default\">\n\t\t\t\t\t\t\t<div class=\"elementor-divider\">\n\t\t\t<span class=\"elementor-divider-separator\">\n\t\t\t\t\t\t<\/span>\n\t\t<\/div>\n\t\t\t\t\t\t<\/div>\n\t\t\t\t<div class=\"elementor-element elementor-element-04a08b6 elementor-widget elementor-widget-counter\" data-id=\"04a08b6\" data-element_type=\"widget\" data-widget_type=\"counter.default\">\n\t\t\t\t\t\t\t<div class=\"elementor-counter\">\n\t\t\t<div class=\"elementor-counter-title\"><p><b>Pa\u00edses alcanzados.<\/b> <br>Exportando a Estados Unidos, Canad\u00e1, \u00c1frica y Europa.<\/p><\/div>\t\t\t<div class=\"elementor-counter-number-wrapper\">\n\t\t\t\t<span class=\"elementor-counter-number-prefix\"><\/span>\n\t\t\t\t<span class=\"elementor-counter-number\" data-duration=\"3000\" data-to-value=\"15\" data-from-value=\"0\">0<\/span>\n\t\t\t\t<span class=\"elementor-counter-number-suffix\">+<\/span>\n\t\t\t<\/div>\n\t\t<\/div>\n\t\t\t\t\t\t<\/div>\n\t\t\t\t<\/div>\n\t\t\t\t\t<\/div>\n\t\t\t\t<\/div>\n\t\t<div class=\"elementor-element elementor-element-4514f19 e-flex e-con-boxed e-con e-child\" data-id=\"4514f19\" data-element_type=\"container\">\n\t\t\t\t\t<div class=\"e-con-inner\">\n\t\t<div class=\"elementor-element elementor-element-41f3b79 animated-slow e-flex e-con-boxed elementor-invisible e-con e-child\" data-id=\"41f3b79\" data-element_type=\"container\" data-settings=\"{&quot;animation&quot;:&quot;fadeInLeft&quot;}\">\n\t\t\t\t\t<div class=\"e-con-inner\">\n\t\t<div class=\"elementor-element elementor-element-afac532 e-con-full e-flex e-con e-child\" data-id=\"afac532\" data-element_type=\"container\">\n\t\t\t\t<div class=\"elementor-element elementor-element-6392caa elementor-widget elementor-widget-heading\" data-id=\"6392caa\" data-element_type=\"widget\" data-widget_type=\"heading.default\">\n\t\t\t\t\t<h3 class=\"elementor-heading-title elementor-size-default\">MISION<\/h3>\t\t\t\t<\/div>\n\t\t\t\t<div class=\"elementor-element elementor-element-57cf0f5 elementor-widget elementor-widget-text-editor\" data-id=\"57cf0f5\" data-element_type=\"widget\" data-widget_type=\"text-editor.default\">\n\t\t\t\t\t\t\t\t\t<h5>CALIDAD Y EXCELENCIA.<\/h5>\nSatisfacer las necesidades de nuestros clientes ofreciendo nuestro conocimiento, profesionalismo, \u00e9tica y experiencia, garantizando siempre nuestro compromiso con la calidad y la excelencia.\t\t\t\t\t\t\t\t<\/div>\n\t\t\t\t<\/div>\n\t\t\t\t\t<\/div>\n\t\t\t\t<\/div>\n\t\t\t\t<div class=\"elementor-element elementor-element-75303a0 elementor-widget-divider--separator-type-pattern elementor-widget-divider--view-line elementor-widget elementor-widget-divider\" data-id=\"75303a0\" data-element_type=\"widget\" data-widget_type=\"divider.default\">\n\t\t\t\t\t\t\t<div class=\"elementor-divider\" style=\"--divider-pattern-url: url(&quot;data:image\/svg+xml,%3Csvg xmlns=&#039;http:\/\/www.w3.org\/2000\/svg&#039; preserveAspectRatio=&#039;none&#039; overflow=&#039;visible&#039; height=&#039;100%&#039; viewBox=&#039;0 0 24 24&#039; fill=&#039;none&#039; stroke=&#039;black&#039; stroke-width=&#039;4&#039; stroke-linecap=&#039;square&#039; stroke-miterlimit=&#039;10&#039;%3E%3Cpath d=&#039;M0,6c6,0,6,13,12,13S18,6,24,6&#039;\/%3E%3C\/svg%3E&quot;);\">\n\t\t\t<span class=\"elementor-divider-separator\">\n\t\t\t\t\t\t<\/span>\n\t\t<\/div>\n\t\t\t\t\t\t<\/div>\n\t\t<div class=\"elementor-element elementor-element-ffe1113 animated-slow e-flex e-con-boxed elementor-invisible e-con e-child\" data-id=\"ffe1113\" data-element_type=\"container\" data-settings=\"{&quot;animation&quot;:&quot;fadeInRight&quot;}\">\n\t\t\t\t\t<div class=\"e-con-inner\">\n\t\t<div class=\"elementor-element elementor-element-e1ab1d7 e-con-full e-flex e-con e-child\" data-id=\"e1ab1d7\" data-element_type=\"container\">\n\t\t\t\t<div class=\"elementor-element elementor-element-cbba447 elementor-widget elementor-widget-heading\" data-id=\"cbba447\" data-element_type=\"widget\" data-widget_type=\"heading.default\">\n\t\t\t\t\t<h3 class=\"elementor-heading-title elementor-size-default\">VISION<\/h3>\t\t\t\t<\/div>\n\t\t\t\t<div class=\"elementor-element elementor-element-7bb09aa elementor-widget elementor-widget-text-editor\" data-id=\"7bb09aa\" data-element_type=\"widget\" data-widget_type=\"text-editor.default\">\n\t\t\t\t\t\t\t\t\t<h5>SER L\u00cdDER EN LA COMERCIALIZACI\u00d3N Y EXPORTACI\u00d3N DE CAF\u00c9 Y FRUTAS.<\/h5>\nConvertirnos en una empresa l\u00edder en la comercializaci\u00f3n y exportaci\u00f3n de productos de alta calidad, destacando como parte de nuestra filosof\u00eda el desarrollo de nuestros empleados, proveedores y productores como el n\u00facleo de nuestro prop\u00f3sito empresarial y responsabilidad social.\t\t\t\t\t\t\t\t<\/div>\n\t\t\t\t<\/div>\n\t\t\t\t\t<\/div>\n\t\t\t\t<\/div>\n\t\t\t\t<div class=\"elementor-element elementor-element-3f6a1ee elementor-widget-divider--separator-type-pattern elementor-widget-divider--view-line elementor-widget elementor-widget-divider\" data-id=\"3f6a1ee\" data-element_type=\"widget\" data-widget_type=\"divider.default\">\n\t\t\t\t\t\t\t<div class=\"elementor-divider\" style=\"--divider-pattern-url: url(&quot;data:image\/svg+xml,%3Csvg xmlns=&#039;http:\/\/www.w3.org\/2000\/svg&#039; preserveAspectRatio=&#039;none&#039; overflow=&#039;visible&#039; height=&#039;100%&#039; viewBox=&#039;0 0 24 24&#039; fill=&#039;none&#039; stroke=&#039;black&#039; stroke-width=&#039;4&#039; stroke-linecap=&#039;square&#039; stroke-miterlimit=&#039;10&#039;%3E%3Cpath d=&#039;M0,6c6,0,6,13,12,13S18,6,24,6&#039;\/%3E%3C\/svg%3E&quot;);\">\n\t\t\t<span class=\"elementor-divider-separator\">\n\t\t\t\t\t\t<\/span>\n\t\t<\/div>\n\t\t\t\t\t\t<\/div>\n\t\t<div class=\"elementor-element elementor-element-44707ee animated-slow e-flex e-con-boxed elementor-invisible e-con e-child\" data-id=\"44707ee\" data-element_type=\"container\" data-settings=\"{&quot;animation&quot;:&quot;fadeInLeft&quot;}\">\n\t\t\t\t\t<div class=\"e-con-inner\">\n\t\t<div class=\"elementor-element elementor-element-477a07c e-con-full e-flex e-con e-child\" data-id=\"477a07c\" data-element_type=\"container\">\n\t\t\t\t<div class=\"elementor-element elementor-element-84d6566 elementor-widget elementor-widget-heading\" data-id=\"84d6566\" data-element_type=\"widget\" data-widget_type=\"heading.default\">\n\t\t\t\t\t<h3 class=\"elementor-heading-title elementor-size-default\">VALORES<\/h3>\t\t\t\t<\/div>\n\t\t\t\t<div class=\"elementor-element elementor-element-ab3c21b elementor-widget elementor-widget-text-editor\" data-id=\"ab3c21b\" data-element_type=\"widget\" data-widget_type=\"text-editor.default\">\n\t\t\t\t\t\t\t\t\t<h5>ADOPTAMOS LOS SIGUIENTES PRINCIPIOS.<\/h5><ul><li>Honestidad<\/li><li>Responsabilidad<\/li><li>Integridad<\/li><li>Perseverancia<\/li><\/ul>\t\t\t\t\t\t\t\t<\/div>\n\t\t\t\t<\/div>\n\t\t\t\t\t<\/div>\n\t\t\t\t<\/div>\n\t\t\t\t\t<\/div>\n\t\t\t\t<\/div>\n\t\t\t\t\t<\/div>\n\t\t\t\t<\/div>\n\t\t\t\t<\/div>\n\t\t","protected":false},"excerpt":{"rendered":"<p>NOSOTROS Somos una empresa colombiana, comercializadora y exportadora de caf\u00e9 en sus diferentes variedades, frutas ex\u00f3ticas y hierbas arom\u00e1ticas. Exportamos a Estados Unidos, Canad\u00e1, \u00c1frica y<span class=\"excerpt-hellip\"> [\u2026]<\/span><\/p>\n","protected":false},"author":1,"featured_media":0,"parent":0,"menu_order":0,"comment_status":"open","ping_status":"closed","template":"","meta":{"footnotes":""},"class_list":["post-1306","page","type-page","status-publish","hentry"],"yoast_head":"<!-- This site is optimized with the Yoast SEO plugin v26.6 - https:\/\/yoast.com\/wordpress\/plugins\/seo\/ -->\n<title>Nosotros - Green Leaf Global<\/title>\n<meta name=\"description\" content=\"NOSOTROS Somos una empresa colombiana, comercializadora y exportadora de caf\u00e9 en sus diferentes variedades, frutas ex\u00f3ticas y hierbas arom\u00e1ticas.\" \/>\n<meta name=\"robots\" content=\"index, follow, max-snippet:-1, max-image-preview:large, max-video-preview:-1\" \/>\n<link rel=\"canonical\" href=\"https:\/\/www.greenleaf.com.co\/es\/nosotros\/\" \/>\n<meta property=\"og:locale\" content=\"es_ES\" \/>\n<meta property=\"og:type\" content=\"article\" \/>\n<meta property=\"og:title\" content=\"Nosotros - Green Leaf Global\" \/>\n<meta property=\"og:description\" content=\"NOSOTROS Somos una empresa colombiana, comercializadora y exportadora de caf\u00e9 en sus diferentes variedades, frutas ex\u00f3ticas y hierbas arom\u00e1ticas.\" \/>\n<meta property=\"og:url\" content=\"https:\/\/www.greenleaf.com.co\/es\/nosotros\/\" \/>\n<meta property=\"og:site_name\" content=\"Green Leaf Global\" \/>\n<meta property=\"article:modified_time\" content=\"2025-12-20T04:10:36+00:00\" \/>\n<meta property=\"og:image\" content=\"https:\/\/www.greenleaf.com.co\/wp-content\/uploads\/2025\/09\/logoH.png\" \/>\n\t<meta property=\"og:image:width\" content=\"648\" \/>\n\t<meta property=\"og:image:height\" content=\"312\" \/>\n\t<meta property=\"og:image:type\" content=\"image\/png\" \/>\n<meta name=\"twitter:card\" content=\"summary_large_image\" \/>\n<meta name=\"twitter:label1\" content=\"Tiempo de lectura\" \/>\n\t<meta name=\"twitter:data1\" content=\"2 minutos\" \/>\n<script type=\"application\/ld+json\" class=\"yoast-schema-graph\">{\"@context\":\"https:\/\/schema.org\",\"@graph\":[{\"@type\":\"WebPage\",\"@id\":\"https:\/\/www.greenleaf.com.co\/es\/nosotros\/\",\"url\":\"https:\/\/www.greenleaf.com.co\/es\/nosotros\/\",\"name\":\"Nosotros - Green Leaf Global\",\"isPartOf\":{\"@id\":\"https:\/\/www.greenleaf.com.co\/es\/#website\"},\"datePublished\":\"2025-09-26T03:07:34+00:00\",\"dateModified\":\"2025-12-20T04:10:36+00:00\",\"description\":\"NOSOTROS Somos una empresa colombiana, comercializadora y exportadora de caf\u00e9 en sus diferentes variedades, frutas ex\u00f3ticas y hierbas arom\u00e1ticas.\",\"breadcrumb\":{\"@id\":\"https:\/\/www.greenleaf.com.co\/es\/nosotros\/#breadcrumb\"},\"inLanguage\":\"es\",\"potentialAction\":[{\"@type\":\"ReadAction\",\"target\":[\"https:\/\/www.greenleaf.com.co\/es\/nosotros\/\"]}]},{\"@type\":\"BreadcrumbList\",\"@id\":\"https:\/\/www.greenleaf.com.co\/es\/nosotros\/#breadcrumb\",\"itemListElement\":[{\"@type\":\"ListItem\",\"position\":1,\"name\":\"Home\",\"item\":\"https:\/\/www.greenleaf.com.co\/es\/\"},{\"@type\":\"ListItem\",\"position\":2,\"name\":\"Nosotros\"}]},{\"@type\":\"WebSite\",\"@id\":\"https:\/\/www.greenleaf.com.co\/es\/#website\",\"url\":\"https:\/\/www.greenleaf.com.co\/es\/\",\"name\":\"Green Leaf Global\",\"description\":\"From origin to the world: coffee and agricultural products with authenticity, freshness, and excellence\",\"publisher\":{\"@id\":\"https:\/\/www.greenleaf.com.co\/es\/#organization\"},\"potentialAction\":[{\"@type\":\"SearchAction\",\"target\":{\"@type\":\"EntryPoint\",\"urlTemplate\":\"https:\/\/www.greenleaf.com.co\/es\/?s={search_term_string}\"},\"query-input\":{\"@type\":\"PropertyValueSpecification\",\"valueRequired\":true,\"valueName\":\"search_term_string\"}}],\"inLanguage\":\"es\"},{\"@type\":\"Organization\",\"@id\":\"https:\/\/www.greenleaf.com.co\/es\/#organization\",\"name\":\"Green Leaf Global\",\"url\":\"https:\/\/www.greenleaf.com.co\/es\/\",\"logo\":{\"@type\":\"ImageObject\",\"inLanguage\":\"es\",\"@id\":\"https:\/\/www.greenleaf.com.co\/es\/#\/schema\/logo\/image\/\",\"url\":\"https:\/\/www.greenleaf.com.co\/wp-content\/uploads\/2025\/09\/logoH.png\",\"contentUrl\":\"https:\/\/www.greenleaf.com.co\/wp-content\/uploads\/2025\/09\/logoH.png\",\"width\":648,\"height\":312,\"caption\":\"Green Leaf Global\"},\"image\":{\"@id\":\"https:\/\/www.greenleaf.com.co\/es\/#\/schema\/logo\/image\/\"}}]}<\/script>\n<!-- \/ Yoast SEO plugin. -->","yoast_head_json":{"title":"Nosotros - Green Leaf Global","description":"NOSOTROS Somos una empresa colombiana, comercializadora y exportadora de caf\u00e9 en sus diferentes variedades, frutas ex\u00f3ticas y hierbas arom\u00e1ticas.","robots":{"index":"index","follow":"follow","max-snippet":"max-snippet:-1","max-image-preview":"max-image-preview:large","max-video-preview":"max-video-preview:-1"},"canonical":"https:\/\/www.greenleaf.com.co\/es\/nosotros\/","og_locale":"es_ES","og_type":"article","og_title":"Nosotros - Green Leaf Global","og_description":"NOSOTROS Somos una empresa colombiana, comercializadora y exportadora de caf\u00e9 en sus diferentes variedades, frutas ex\u00f3ticas y hierbas arom\u00e1ticas.","og_url":"https:\/\/www.greenleaf.com.co\/es\/nosotros\/","og_site_name":"Green Leaf Global","article_modified_time":"2025-12-20T04:10:36+00:00","og_image":[{"width":648,"height":312,"url":"https:\/\/www.greenleaf.com.co\/wp-content\/uploads\/2025\/09\/logoH.png","type":"image\/png"}],"twitter_card":"summary_large_image","twitter_misc":{"Tiempo de lectura":"2 minutos"},"schema":{"@context":"https:\/\/schema.org","@graph":[{"@type":"WebPage","@id":"https:\/\/www.greenleaf.com.co\/es\/nosotros\/","url":"https:\/\/www.greenleaf.com.co\/es\/nosotros\/","name":"Nosotros - Green Leaf Global","isPartOf":{"@id":"https:\/\/www.greenleaf.com.co\/es\/#website"},"datePublished":"2025-09-26T03:07:34+00:00","dateModified":"2025-12-20T04:10:36+00:00","description":"NOSOTROS Somos una empresa colombiana, comercializadora y exportadora de caf\u00e9 en sus diferentes variedades, frutas ex\u00f3ticas y hierbas arom\u00e1ticas.","breadcrumb":{"@id":"https:\/\/www.greenleaf.com.co\/es\/nosotros\/#breadcrumb"},"inLanguage":"es","potentialAction":[{"@type":"ReadAction","target":["https:\/\/www.greenleaf.com.co\/es\/nosotros\/"]}]},{"@type":"BreadcrumbList","@id":"https:\/\/www.greenleaf.com.co\/es\/nosotros\/#breadcrumb","itemListElement":[{"@type":"ListItem","position":1,"name":"Home","item":"https:\/\/www.greenleaf.com.co\/es\/"},{"@type":"ListItem","position":2,"name":"Nosotros"}]},{"@type":"WebSite","@id":"https:\/\/www.greenleaf.com.co\/es\/#website","url":"https:\/\/www.greenleaf.com.co\/es\/","name":"Green Leaf Global","description":"From origin to the world: coffee and agricultural products with authenticity, freshness, and excellence","publisher":{"@id":"https:\/\/www.greenleaf.com.co\/es\/#organization"},"potentialAction":[{"@type":"SearchAction","target":{"@type":"EntryPoint","urlTemplate":"https:\/\/www.greenleaf.com.co\/es\/?s={search_term_string}"},"query-input":{"@type":"PropertyValueSpecification","valueRequired":true,"valueName":"search_term_string"}}],"inLanguage":"es"},{"@type":"Organization","@id":"https:\/\/www.greenleaf.com.co\/es\/#organization","name":"Green Leaf Global","url":"https:\/\/www.greenleaf.com.co\/es\/","logo":{"@type":"ImageObject","inLanguage":"es","@id":"https:\/\/www.greenleaf.com.co\/es\/#\/schema\/logo\/image\/","url":"https:\/\/www.greenleaf.com.co\/wp-content\/uploads\/2025\/09\/logoH.png","contentUrl":"https:\/\/www.greenleaf.com.co\/wp-content\/uploads\/2025\/09\/logoH.png","width":648,"height":312,"caption":"Green Leaf Global"},"image":{"@id":"https:\/\/www.greenleaf.com.co\/es\/#\/schema\/logo\/image\/"}}]}},"_links":{"self":[{"href":"https:\/\/www.greenleaf.com.co\/es\/wp-json\/wp\/v2\/pages\/1306","targetHints":{"allow":["GET"]}}],"collection":[{"href":"https:\/\/www.greenleaf.com.co\/es\/wp-json\/wp\/v2\/pages"}],"about":[{"href":"https:\/\/www.greenleaf.com.co\/es\/wp-json\/wp\/v2\/types\/page"}],"author":[{"embeddable":true,"href":"https:\/\/www.greenleaf.com.co\/es\/wp-json\/wp\/v2\/users\/1"}],"replies":[{"embeddable":true,"href":"https:\/\/www.greenleaf.com.co\/es\/wp-json\/wp\/v2\/comments?post=1306"}],"version-history":[{"count":35,"href":"https:\/\/www.greenleaf.com.co\/es\/wp-json\/wp\/v2\/pages\/1306\/revisions"}],"predecessor-version":[{"id":1919,"href":"https:\/\/www.greenleaf.com.co\/es\/wp-json\/wp\/v2\/pages\/1306\/revisions\/1919"}],"wp:attachment":[{"href":"https:\/\/www.greenleaf.com.co\/es\/wp-json\/wp\/v2\/media?parent=1306"}],"curies":[{"name":"wp","href":"https:\/\/api.w.org\/{rel}","templated":true}]}}